{"id":9569,"date":"2024-06-14T17:29:52","date_gmt":"2024-06-14T15:29:52","guid":{"rendered":"https:\/\/hochkant.info\/?page_id=9569"},"modified":"2025-11-19T18:59:12","modified_gmt":"2025-11-19T17:59:12","slug":"stelzenkuenstler","status":"publish","type":"page","link":"https:\/\/hochkant.info\/de\/stelzenkuenstler\/","title":{"rendered":""},"content":{"rendered":"<section class=\"l-section wpb_row height_custom\"><div class=\"l-section-h i-cf\"><div class=\"g-cols vc_row via_grid cols_1 laptops-cols_inherit tablets-cols_inherit mobiles-cols_1 valign_top type_default stacking_default\"><div class=\"wpb_column vc_column_container\"><div class=\"vc_column-inner\"><h1 class=\"w-text stelzenlaeufer\"><span class=\"w-text-h\"><span class=\"w-text-value\">Die Stelzenk\u00fcnstler von HOCHKANT<\/span><\/span><\/h1><div class=\"w-separator size_medium\"><\/div><div class=\"w-html\"><style>\n\t.stelzenlaeufer {\n\t\tfont-family: \"Nothing You Could Do\";\n\t\tfont-size: 2rem;\n\t\tfont-weight:bold;\n\t}\n<\/style><\/div><div class=\"wpb_text_column\"><div class=\"wpb_wrapper\"><p><span style=\"font-weight: 400;\">Das Team von HOCHKANT besteht aus rund <strong>20 Stelzenk\u00fcnstlern<\/strong>, welche sich f\u00fcr jedes Engagement passend formieren. Einige von ihnen sind schon seit vielen Jahren dabei. Aber auch der frische Wind junger K\u00fcnstler ist bei uns immer herzlich willkommen. Beinahe jede und jeder unserer Gruppe hat die Stelzenkunst bei HOCHKANT erlernt und hier das Theatrale verfeinert. Selbst mitgebracht haben sie <strong>Ausbildungen<\/strong> und <strong>Erfahrungen<\/strong> in <strong>Tanz<\/strong>, <strong>Schauspiel, Theater- und Zirkus oder Zirkusp\u00e4dagogik, Kunst und vielem mehr<\/strong>. Weiterhin packt jede und jeder mit an: Kost\u00fcme n\u00e4hen, LED-Technik l\u00f6ten, bohren und anderes steht regelm\u00e4\u00dfig auf dem Plan. Das f\u00f6rdert das Verst\u00e4ndnis f\u00fcr die aufwendigen Kost\u00fcme, die unsere Stelzenk\u00fcnstler tragen und verk\u00f6rpern.<\/span><\/p>\n<p><span style=\"font-weight: 400;\">Der Name HOCHKANT impliziert die Leidenschaft, die Menschen aus ihrem Alltag zu entf\u00fchren, ihn zu vergessen und sie mitzunehmen in eine Welt voller Fantasie. Die K\u00fcnstler m\u00f6chten das Publikum mit unseren <a href=\"https:\/\/hochkant.info\/de\/category\/stelzenfiguren\/\">Stelzenfiguren<\/a> begeistern, verf\u00fchren und auch zum Lachen bringen.<\/span><\/p>\n<p><span style=\"font-weight: 400;\">Mit dieser Intention war HOCHKANT schon auf <strong>\u00fcber 1000 Veranstaltungen<\/strong> weltweit unterwegs.\u00a0<\/span><\/p>\n<\/div><\/div><div class=\"w-separator size_small\"><\/div><div class=\"w-separator size_medium\"><\/div><div class=\"w-image align_none\"><div class=\"w-image-h\"><img decoding=\"async\" width=\"1024\" height=\"682\" src=\"https:\/\/hochkant.info\/wp-content\/uploads\/2024\/03\/hochkant_group_I-1024x682.jpg\" class=\"attachment-large size-large\" alt=\"Sieben Stelzenk\u00fcnstler von Hochkant bei einem Auftritt\" loading=\"lazy\" srcset=\"https:\/\/hochkant.info\/wp-content\/uploads\/2024\/03\/hochkant_group_I-1024x682.jpg 1024w, https:\/\/hochkant.info\/wp-content\/uploads\/2024\/03\/hochkant_group_I-300x200.jpg 300w, https:\/\/hochkant.info\/wp-content\/uploads\/2024\/03\/hochkant_group_I-18x12.jpg 18w, https:\/\/hochkant.info\/wp-content\/uploads\/2024\/03\/hochkant_group_I-1536x1024.jpg 1536w, https:\/\/hochkant.info\/wp-content\/uploads\/2024\/03\/hochkant_group_I-200x133.jpg 200w\" sizes=\"auto, (max-width: 1024px) 100vw, 1024px\" \/><\/div><\/div><div class=\"w-separator size_medium\"><\/div><div class=\"w-btn-wrapper align_center\"><a class=\"w-btn us-btn-style_1\" href=\"https:\/\/hochkant.info\/de\/kontakt\/\"><span class=\"w-btn-label\">Unverbindlich Anfragen<\/span><\/a><\/div><\/div><\/div><\/div><\/div><\/section><section class=\"l-section wpb_row height_custom\"><div class=\"l-section-h i-cf\"><div class=\"g-cols vc_row via_grid cols_2-3 laptops-cols_inherit tablets-cols_inherit mobiles-cols_1 valign_top type_default stacking_default\"><div class=\"wpb_column vc_column_container\"><div class=\"vc_column-inner\"><div class=\"wpb_text_column\"><div class=\"wpb_wrapper\"><h2>Unsere Stelzenk\u00fcnstler<\/h2>\n<p><strong>Nina Scholz<\/strong>, Gr\u00fcnderin und Leitung:<\/p>\n<p>Diplom-Kulturwissenschaftlerin in Kunst und Musik, Ausbildungen in (afrikanischer) Percussion, tanzt seit dem 5. Lebensjahr (erst Ballett, dann Modern Dance), lernte verschiedene weitere Instrumente (vor allem Klavier, Querfl\u00f6te), Chorgesang, verschiedene Theaterprojekte, ehemalige Schlagzeug- und Percussionlehrerin sowie Grafikdesignerin<\/p>\n<p><strong>Michaela Allendorf<\/strong>:<\/p>\n<p>Schauspielerin f\u00fcr Theater und TV, lernte Ballett, Jazz- und Stepptanz sowie Gesang (Chanson und Musical), Klavier und Gitarre<\/p>\n<p><strong>Kerstin Brust<\/strong>:<\/p>\n<p>Kultur- und Medienp\u00e4dagogin, Kulturvermittlerin, verschiedene Theaterprojekte<\/p>\n<p><strong>Sophie Fallm\u00fcller<\/strong>:<\/p>\n<p>Kulturwissenschaftlerin, Zirkusp\u00e4dagogin, lernte Tanz und Turnen<\/p>\n<p><strong>Luca Hobusch<\/strong>:<\/p>\n<p>Studium Kulturwissenschaften in Musik und Theater, 8 Jahre klassischer Gesangsunterricht, Chorgesang, spielt Harfe, lernte Jazz Dance und Kathak, arbeitete in der Regieassistenz, Abendspielleitung und Festivalorganisation<\/p>\n<p><strong>Sara Jaun<\/strong>:<\/p>\n<p>p\u00e4dagogisch-kreative Arbeit als Bildungsreferentin, n\u00e4ht leidenschaftlich<\/p>\n<p><strong>Marieke Riese<\/strong>:<\/p>\n<p>Tanzt seit dem 5. Lebensjahr (erst Ballett, sp\u00e4ter Modern Dance), n\u00e4ht gern<\/p>\n<p><strong>Johanna Kirstein<\/strong>:<\/p>\n<p>Kultur- und Medienp\u00e4dagogin, Erlebnisp\u00e4dagogin, seit 2021 Kulturmanagerin im Theaterp\u00e4dagogischen Zentrum und Theaterp\u00e4dagogin, 3 Jahre Jazz Dance Contemporary und Improtheater, spielt Quer- und Blockfl\u00f6te, Gitarre, Klavier, Illustration seit 2014, machte Statisterie und Festivalkoordination<\/p>\n<p><strong>Max Krause<\/strong>:<\/p>\n<p>Ausbildung im Einzelhandel f\u00fcr Musikinstrumente, Bachelor Lehramt in Musik, Gitarrenlehrer, Musiker, Komponist und Musikproduzent<\/p>\n<p><strong>Wiebke Lahmann<\/strong>:<\/p>\n<p>seit 2003 Zirkus-P\u00e4dagogin, seit 2007 selbst\u00e4ndige Artistin (vor allem Feuer, Stelzen und stilles Trapez), Yoga-Lehrerin seit 2016<\/p>\n<p><strong>Tom Martens<\/strong>:<\/p>\n<p>Theater- und Filmp\u00e4dagoge seit 2011, Theaterspiel seit 1991, Improtheater<\/p>\n<p><strong>Clara Molis<\/strong>:<\/p>\n<p>Lehramtsstudentin in unter anderem Sport, Rh\u00f6nradturnerin und -trainerin, Contemporary- und Modern Dance, lernte Querfl\u00f6te und Cello<\/p>\n<p><strong>Luise Molis<\/strong>:<\/p>\n<p>Rh\u00f6nrad- und Cyr-Turnerin, Akrobatin, tanzt Modern Dance, lernte Klavier und Geige<\/p>\n<p><strong>Doorke Th\u00fcmmel<\/strong>:<\/p>\n<p>tanzt Modern, Contemporary und Stepptanz, turnt im Vertikaltuch seit dem 7. Lebensjahr, Rh\u00f6nrad seit dem 12. Lebensjahr, spielt Fagott, lernte Violine und Viola<\/p>\n<p><strong>Fynn Wiedemann<\/strong>:<\/p>\n<p>(Kinder-)zirkus seit 2011, 13 Jahre Ballettunterricht, Theaterstatisterie<\/p>\n<\/div><\/div><div class=\"w-separator size_small\"><\/div><\/div><\/div><div class=\"wpb_column vc_column_container\"><div class=\"vc_column-inner\"><div class=\"w-image align_none\"><div class=\"w-image-h\"><img decoding=\"async\" width=\"1024\" height=\"683\" src=\"https:\/\/hochkant.info\/wp-content\/uploads\/2024\/02\/stelzenlaeufer-northeim-theater-1024x683.jpg\" class=\"attachment-large size-large\" alt=\"Drei Stelzenk\u00fcnstler von Hochkant gemeinsam als Nahaufnahme\" loading=\"lazy\" srcset=\"https:\/\/hochkant.info\/wp-content\/uploads\/2024\/02\/stelzenlaeufer-northeim-theater-1024x683.jpg 1024w, https:\/\/hochkant.info\/wp-content\/uploads\/2024\/02\/stelzenlaeufer-northeim-theater-300x200.jpg 300w, https:\/\/hochkant.info\/wp-content\/uploads\/2024\/02\/stelzenlaeufer-northeim-theater.jpg 1350w, https:\/\/hochkant.info\/wp-content\/uploads\/2024\/02\/stelzenlaeufer-northeim-theater-200x133.jpg 200w\" sizes=\"auto, (max-width: 1024px) 100vw, 1024px\" \/><\/div><\/div><div class=\"w-separator size_medium\"><\/div><div class=\"w-image align_none\"><div class=\"w-image-h\"><img decoding=\"async\" width=\"768\" height=\"1024\" src=\"https:\/\/hochkant.info\/wp-content\/uploads\/2024\/02\/lichtwesen_-_illuminated_33_cHOCHKANT-768x1024.jpg\" class=\"attachment-large size-large\" alt=\"Drei Stelzenk\u00fcnstler als Lichtwesen von Hochkant bei einem Auftritt\" loading=\"lazy\" srcset=\"https:\/\/hochkant.info\/wp-content\/uploads\/2024\/02\/lichtwesen_-_illuminated_33_cHOCHKANT-768x1024.jpg 768w, https:\/\/hochkant.info\/wp-content\/uploads\/2024\/02\/lichtwesen_-_illuminated_33_cHOCHKANT-225x300.jpg 225w, https:\/\/hochkant.info\/wp-content\/uploads\/2024\/02\/lichtwesen_-_illuminated_33_cHOCHKANT-1152x1536.jpg 1152w, https:\/\/hochkant.info\/wp-content\/uploads\/2024\/02\/lichtwesen_-_illuminated_33_cHOCHKANT-150x200.jpg 150w, https:\/\/hochkant.info\/wp-content\/uploads\/2024\/02\/lichtwesen_-_illuminated_33_cHOCHKANT.jpg 1315w\" sizes=\"auto, (max-width: 768px) 100vw, 768px\" \/><\/div><\/div><div class=\"w-separator size_medium\"><\/div><div class=\"w-image align_none\"><div class=\"w-image-h\"><img decoding=\"async\" width=\"1024\" height=\"768\" src=\"https:\/\/hochkant.info\/wp-content\/uploads\/2024\/03\/chamaeleons_-_chameleons_19-1024x768.jpg\" class=\"attachment-large size-large\" alt=\"Zwei Stelzenk\u00fcnstler als bunte Cham\u00e4leon im Baum\" loading=\"lazy\" srcset=\"https:\/\/hochkant.info\/wp-content\/uploads\/2024\/03\/chamaeleons_-_chameleons_19-1024x768.jpg 1024w, https:\/\/hochkant.info\/wp-content\/uploads\/2024\/03\/chamaeleons_-_chameleons_19-300x225.jpg 300w, https:\/\/hochkant.info\/wp-content\/uploads\/2024\/03\/chamaeleons_-_chameleons_19-16x12.jpg 16w, https:\/\/hochkant.info\/wp-content\/uploads\/2024\/03\/chamaeleons_-_chameleons_19-1536x1152.jpg 1536w, https:\/\/hochkant.info\/wp-content\/uploads\/2024\/03\/chamaeleons_-_chameleons_19-200x150.jpg 200w\" sizes=\"auto, (max-width: 1024px) 100vw, 1024px\" \/><\/div><\/div><div class=\"w-separator size_medium\"><\/div><div class=\"w-image align_none\"><div class=\"w-image-h\"><img decoding=\"async\" width=\"1024\" height=\"683\" src=\"https:\/\/hochkant.info\/wp-content\/uploads\/2024\/02\/lichtwesen_-_illuminated_01_cHOCHKANT-1024x683.jpg\" class=\"attachment-large size-large\" alt=\"Vier Stelzenk\u00fcnstler von Hochkant bei ihrem Auftritt beim Event Lichterzauber in Hann. M\u00fcnden\" loading=\"lazy\" srcset=\"https:\/\/hochkant.info\/wp-content\/uploads\/2024\/02\/lichtwesen_-_illuminated_01_cHOCHKANT-1024x683.jpg 1024w, https:\/\/hochkant.info\/wp-content\/uploads\/2024\/02\/lichtwesen_-_illuminated_01_cHOCHKANT-300x200.jpg 300w, https:\/\/hochkant.info\/wp-content\/uploads\/2024\/02\/lichtwesen_-_illuminated_01_cHOCHKANT-1536x1025.jpg 1536w, https:\/\/hochkant.info\/wp-content\/uploads\/2024\/02\/lichtwesen_-_illuminated_01_cHOCHKANT-200x133.jpg 200w, https:\/\/hochkant.info\/wp-content\/uploads\/2024\/02\/lichtwesen_-_illuminated_01_cHOCHKANT.jpg 2048w\" sizes=\"auto, (max-width: 1024px) 100vw, 1024px\" \/><\/div><\/div><\/div><\/div><\/div><\/div><\/section><section class=\"l-section wpb_row height_custom\"><div class=\"l-section-h i-cf\"><div class=\"g-cols vc_row via_grid cols_1 laptops-cols_inherit tablets-cols_inherit mobiles-cols_1 valign_top type_default stacking_default\"><div class=\"wpb_column vc_column_container\"><div class=\"vc_column-inner\"><div class=\"wpb_text_column\"><div class=\"wpb_wrapper\"><h2>Unsere Stelzenk\u00fcnstler verzaubern das Publikum<\/h2>\n<\/div><\/div><div class=\"w-separator size_medium\"><\/div><div class=\"w-video align_none ratio_16x9 has_iframe\"><div class=\"w-video-h\"><iframe title=\"Youtube video player\" src=\"\/\/www.youtube.com\/embed\/730eWBxVuoI?autoplay=0&controls=1&origin=https:\/\/hochkant.info\/de&loop=0&mute=0\" allowfullscreen=\"1\" loading=\"lazy\"><\/iframe><\/div><\/div><\/div><\/div><\/div><\/div><\/section>\n","protected":false},"excerpt":{"rendered":"","protected":false},"author":4,"featured_media":0,"parent":0,"menu_order":0,"comment_status":"closed","ping_status":"closed","template":"","meta":{"footnotes":""},"class_list":["post-9569","page","type-page","status-publish","hentry"],"yoast_head":"<!-- This site is optimized with the Yoast SEO plugin v27.3 - https:\/\/yoast.com\/product\/yoast-seo-wordpress\/ -->\n<title>Unsere Stelzenk\u00fcnstler - HOCHKANT<\/title>\n<meta name=\"description\" content=\"Die \u00fcber 20 Stelzenk\u00fcnstler von HOCHKANT sind deutschlandweit f\u00fcr Ihr Event verf\u00fcgbar. Lernen Sie uns kennen!\" \/>\n<meta name=\"robots\" content=\"index, follow, max-snippet:-1, max-image-preview:large, max-video-preview:-1\" \/>\n<link rel=\"canonical\" href=\"https:\/\/hochkant.info\/de\/stelzenkuenstler\/\" \/>\n<meta property=\"og:locale\" content=\"de_DE\" \/>\n<meta property=\"og:type\" content=\"article\" \/>\n<meta property=\"og:title\" content=\"Unsere Stelzenk\u00fcnstler - HOCHKANT\" \/>\n<meta property=\"og:description\" content=\"Die \u00fcber 20 Stelzenk\u00fcnstler von HOCHKANT sind deutschlandweit f\u00fcr Ihr Event verf\u00fcgbar. Lernen Sie uns kennen!\" \/>\n<meta property=\"og:url\" content=\"https:\/\/hochkant.info\/de\/stelzenkuenstler\/\" \/>\n<meta property=\"og:site_name\" content=\"HOCHKANT\" \/>\n<meta property=\"article:publisher\" content=\"https:\/\/www.facebook.com\/p\/Hochkant-StelzenTanzKunst-Feuer-Percussion-100066658622418\/?locale=de_DE\" \/>\n<meta property=\"article:modified_time\" content=\"2025-11-19T17:59:12+00:00\" \/>\n<meta name=\"twitter:card\" content=\"summary_large_image\" \/>\n<meta name=\"twitter:label1\" content=\"Gesch\u00e4tzte Lesezeit\" \/>\n\t<meta name=\"twitter:data1\" content=\"3\u00a0Minuten\" \/>\n<script type=\"application\/ld+json\" class=\"yoast-schema-graph\">{\"@context\":\"https:\\\/\\\/schema.org\",\"@graph\":[{\"@type\":\"WebPage\",\"@id\":\"https:\\\/\\\/hochkant.info\\\/stelzenkuenstler\\\/\",\"url\":\"https:\\\/\\\/hochkant.info\\\/stelzenkuenstler\\\/\",\"name\":\"Unsere Stelzenk\u00fcnstler - HOCHKANT\",\"isPartOf\":{\"@id\":\"https:\\\/\\\/hochkant.info\\\/de\\\/#website\"},\"datePublished\":\"2024-06-14T15:29:52+00:00\",\"dateModified\":\"2025-11-19T17:59:12+00:00\",\"description\":\"Die \u00fcber 20 Stelzenk\u00fcnstler von HOCHKANT sind deutschlandweit f\u00fcr Ihr Event verf\u00fcgbar. Lernen Sie uns kennen!\",\"inLanguage\":\"de\",\"potentialAction\":[{\"@type\":\"ReadAction\",\"target\":[\"https:\\\/\\\/hochkant.info\\\/stelzenkuenstler\\\/\"]}]},{\"@type\":\"WebSite\",\"@id\":\"https:\\\/\\\/hochkant.info\\\/de\\\/#website\",\"url\":\"https:\\\/\\\/hochkant.info\\\/de\\\/\",\"name\":\"HOCHKANT\",\"description\":\"Stelzen, Feuershow, Licht &amp; Percussion\",\"potentialAction\":[{\"@type\":\"SearchAction\",\"target\":{\"@type\":\"EntryPoint\",\"urlTemplate\":\"https:\\\/\\\/hochkant.info\\\/de\\\/?s={search_term_string}\"},\"query-input\":{\"@type\":\"PropertyValueSpecification\",\"valueRequired\":true,\"valueName\":\"search_term_string\"}}],\"inLanguage\":\"de\"}]}<\/script>\n<!-- \/ Yoast SEO plugin. -->","yoast_head_json":{"title":"Unsere Stelzenk\u00fcnstler - HOCHKANT","description":"Die \u00fcber 20 Stelzenk\u00fcnstler von HOCHKANT sind deutschlandweit f\u00fcr Ihr Event verf\u00fcgbar. Lernen Sie uns kennen!","robots":{"index":"index","follow":"follow","max-snippet":"max-snippet:-1","max-image-preview":"max-image-preview:large","max-video-preview":"max-video-preview:-1"},"canonical":"https:\/\/hochkant.info\/de\/stelzenkuenstler\/","og_locale":"de_DE","og_type":"article","og_title":"Unsere Stelzenk\u00fcnstler - HOCHKANT","og_description":"Die \u00fcber 20 Stelzenk\u00fcnstler von HOCHKANT sind deutschlandweit f\u00fcr Ihr Event verf\u00fcgbar. Lernen Sie uns kennen!","og_url":"https:\/\/hochkant.info\/de\/stelzenkuenstler\/","og_site_name":"HOCHKANT","article_publisher":"https:\/\/www.facebook.com\/p\/Hochkant-StelzenTanzKunst-Feuer-Percussion-100066658622418\/?locale=de_DE","article_modified_time":"2025-11-19T17:59:12+00:00","twitter_card":"summary_large_image","twitter_misc":{"Gesch\u00e4tzte Lesezeit":"3\u00a0Minuten"},"schema":{"@context":"https:\/\/schema.org","@graph":[{"@type":"WebPage","@id":"https:\/\/hochkant.info\/stelzenkuenstler\/","url":"https:\/\/hochkant.info\/stelzenkuenstler\/","name":"Unsere Stelzenk\u00fcnstler - HOCHKANT","isPartOf":{"@id":"https:\/\/hochkant.info\/de\/#website"},"datePublished":"2024-06-14T15:29:52+00:00","dateModified":"2025-11-19T17:59:12+00:00","description":"Die \u00fcber 20 Stelzenk\u00fcnstler von HOCHKANT sind deutschlandweit f\u00fcr Ihr Event verf\u00fcgbar. Lernen Sie uns kennen!","inLanguage":"de","potentialAction":[{"@type":"ReadAction","target":["https:\/\/hochkant.info\/stelzenkuenstler\/"]}]},{"@type":"WebSite","@id":"https:\/\/hochkant.info\/de\/#website","url":"https:\/\/hochkant.info\/de\/","name":"HOCHKANT","description":"Stelzen, Feuershow, Licht &amp; Percussion","potentialAction":[{"@type":"SearchAction","target":{"@type":"EntryPoint","urlTemplate":"https:\/\/hochkant.info\/de\/?s={search_term_string}"},"query-input":{"@type":"PropertyValueSpecification","valueRequired":true,"valueName":"search_term_string"}}],"inLanguage":"de"}]}},"_links":{"self":[{"href":"https:\/\/hochkant.info\/de\/wp-json\/wp\/v2\/pages\/9569","targetHints":{"allow":["GET"]}}],"collection":[{"href":"https:\/\/hochkant.info\/de\/wp-json\/wp\/v2\/pages"}],"about":[{"href":"https:\/\/hochkant.info\/de\/wp-json\/wp\/v2\/types\/page"}],"author":[{"embeddable":true,"href":"https:\/\/hochkant.info\/de\/wp-json\/wp\/v2\/users\/4"}],"replies":[{"embeddable":true,"href":"https:\/\/hochkant.info\/de\/wp-json\/wp\/v2\/comments?post=9569"}],"version-history":[{"count":10,"href":"https:\/\/hochkant.info\/de\/wp-json\/wp\/v2\/pages\/9569\/revisions"}],"predecessor-version":[{"id":10049,"href":"https:\/\/hochkant.info\/de\/wp-json\/wp\/v2\/pages\/9569\/revisions\/10049"}],"wp:attachment":[{"href":"https:\/\/hochkant.info\/de\/wp-json\/wp\/v2\/media?parent=9569"}],"curies":[{"name":"wp","href":"https:\/\/api.w.org\/{rel}","templated":true}]}}